{"id":603,"date":"2021-06-14T11:05:40","date_gmt":"2021-06-14T09:05:40","guid":{"rendered":"https:\/\/www.vanbeelen.com\/?page_id=603"},"modified":"2021-12-24T12:34:17","modified_gmt":"2021-12-24T11:34:17","slug":"projecten","status":"publish","type":"page","link":"https:\/\/vanbeelen.com\/de\/projecten\/","title":{"rendered":"Projekte"},"content":{"rendered":"<div data-elementor-type=\"wp-page\" data-elementor-id=\"603\" class=\"elementor elementor-603\" data-elementor-post-type=\"page\">\n\t\t\t\t\t\t<div class=\"elementor-inner\">\n\t\t\t\t<div class=\"elementor-section-wrap\">\n\t\t\t\t\t\t\t\t\t<section class=\"elementor-section elementor-top-section elementor-element elementor-element-4c007b7 elementor-section-boxed elementor-section-height-default elementor-section-height-default\" data-id=\"4c007b7\" data-element_type=\"section\" data-settings=\"{&quot;background_background&quot;:&quot;classic&quot;}\">\n\t\t\t\t\t\t<div class=\"elementor-container elementor-column-gap-default\">\n\t\t\t\t\t\t\t<div class=\"elementor-row\">\n\t\t\t\t\t<div class=\"elementor-column elementor-col-100 elementor-top-column elementor-element elementor-element-a45b845\" data-id=\"a45b845\" data-element_type=\"column\" data-settings=\"{&quot;background_background&quot;:&quot;classic&quot;}\">\n\t\t\t<div class=\"elementor-column-wrap elementor-element-populated\">\n\t\t\t\t\t\t\t<div class=\"elementor-widget-wrap\">\n\t\t\t\t\t\t<div class=\"elementor-element elementor-element-167224c7 elementor-widget elementor-widget-heading\" data-id=\"167224c7\" data-element_type=\"widget\" data-widget_type=\"heading.default\">\n\t\t\t\t<div class=\"elementor-widget-container\">\n\t\t\t<h4 class=\"elementor-heading-title elementor-size-default\">Qualit\u00e4tsnetze f\u00fcr jedes Projekt<\/h4>\t\t<\/div>\n\t\t\t\t<\/div>\n\t\t\t\t<div class=\"elementor-element elementor-element-215e06d0 elementor-widget elementor-widget-heading\" data-id=\"215e06d0\" data-element_type=\"widget\" data-widget_type=\"heading.default\">\n\t\t\t\t<div class=\"elementor-widget-container\">\n\t\t\t<h2 class=\"elementor-heading-title elementor-size-default\">Sehen Sie sich unsere Projekte an<\/h2>\t\t<\/div>\n\t\t\t\t<\/div>\n\t\t\t\t\t\t<\/div>\n\t\t\t\t\t<\/div>\n\t\t<\/div>\n\t\t\t\t\t\t\t\t<\/div>\n\t\t\t\t\t<\/div>\n\t\t<\/section>\n\t\t\t\t<section class=\"elementor-section elementor-top-section elementor-element elementor-element-23a0841 elementor-section-boxed elementor-section-height-default elementor-section-height-default\" data-id=\"23a0841\" data-element_type=\"section\" data-settings=\"{&quot;background_background&quot;:&quot;classic&quot;}\">\n\t\t\t\t\t\t\t<div class=\"elementor-background-overlay\"><\/div>\n\t\t\t\t\t\t\t<div class=\"elementor-container elementor-column-gap-default\">\n\t\t\t\t\t\t\t<div class=\"elementor-row\">\n\t\t\t\t\t<div class=\"elementor-column elementor-col-100 elementor-top-column elementor-element elementor-element-a2f2622\" data-id=\"a2f2622\" data-element_type=\"column\" data-settings=\"{&quot;background_background&quot;:&quot;classic&quot;}\">\n\t\t\t<div class=\"elementor-column-wrap elementor-element-populated\">\n\t\t\t\t\t\t\t<div class=\"elementor-widget-wrap\">\n\t\t\t\t\t\t<section class=\"elementor-section elementor-inner-section elementor-element elementor-element-50c4ec9 elementor-section-boxed elementor-section-height-default elementor-section-height-default elementor-invisible\" data-id=\"50c4ec9\" data-element_type=\"section\" data-settings=\"{&quot;animation&quot;:&quot;bounceInUp&quot;}\">\n\t\t\t\t\t\t<div class=\"elementor-container elementor-column-gap-custom\">\n\t\t\t\t\t\t\t<div class=\"elementor-row\">\n\t\t\t\t\t<div class=\"elementor-column elementor-col-100 elementor-inner-column elementor-element elementor-element-35c947a\" data-id=\"35c947a\" data-element_type=\"column\">\n\t\t\t<div class=\"elementor-column-wrap elementor-element-populated\">\n\t\t\t\t\t\t\t<div class=\"elementor-widget-wrap\">\n\t\t\t\t\t\t<div class=\"elementor-element elementor-element-279946a elementor-posts--align-left elementor-grid-3 elementor-grid-tablet-2 elementor-grid-mobile-1 elementor-posts--thumbnail-top elementor-widget elementor-widget-posts\" data-id=\"279946a\" data-element_type=\"widget\" data-settings=\"{&quot;pagination_type&quot;:&quot;load_more_infinite_scroll&quot;,&quot;classic_columns&quot;:&quot;3&quot;,&quot;classic_columns_tablet&quot;:&quot;2&quot;,&quot;classic_columns_mobile&quot;:&quot;1&quot;,&quot;classic_row_gap&quot;:{&quot;unit&quot;:&quot;px&quot;,&quot;size&quot;:35,&quot;sizes&quot;:[]},&quot;classic_row_gap_tablet&quot;:{&quot;unit&quot;:&quot;px&quot;,&quot;size&quot;:&quot;&quot;,&quot;sizes&quot;:[]},&quot;classic_row_gap_mobile&quot;:{&quot;unit&quot;:&quot;px&quot;,&quot;size&quot;:&quot;&quot;,&quot;sizes&quot;:[]},&quot;load_more_spinner&quot;:{&quot;value&quot;:&quot;fas fa-spinner&quot;,&quot;library&quot;:&quot;fa-solid&quot;}}\" data-widget_type=\"posts.classic\">\n\t\t\t\t<div class=\"elementor-widget-container\">\n\t\t\t\t\t<div class=\"elementor-posts-container elementor-posts elementor-posts--skin-classic elementor-grid\">\n\t\t\t\t<article class=\"elementor-post elementor-grid-item post-2860 post type-post status-publish format-standard has-post-thumbnail hentry category-projects\">\n\t\t\t\t<a class=\"elementor-post__thumbnail__link\" href=\"https:\/\/vanbeelen.com\/de\/projects\/specials\/\" tabindex=\"-1\" >\n\t\t\t<div class=\"elementor-post__thumbnail\"><img loading=\"lazy\" decoding=\"async\" width=\"300\" height=\"225\" src=\"https:\/\/vanbeelen.com\/wp-content\/uploads\/2021\/11\/protonenkliniek-groningen-UMCG-6-300x225.jpg\" class=\"attachment-medium size-medium wp-image-2402\" alt=\"\" srcset=\"https:\/\/vanbeelen.com\/wp-content\/uploads\/2021\/11\/protonenkliniek-groningen-UMCG-6-300x225.jpg 300w, https:\/\/vanbeelen.com\/wp-content\/uploads\/2021\/11\/protonenkliniek-groningen-UMCG-6-768x576.jpg 768w, https:\/\/vanbeelen.com\/wp-content\/uploads\/2021\/11\/protonenkliniek-groningen-UMCG-6-16x12.jpg 16w, https:\/\/vanbeelen.com\/wp-content\/uploads\/2021\/11\/protonenkliniek-groningen-UMCG-6-600x450.jpg 600w, https:\/\/vanbeelen.com\/wp-content\/uploads\/2021\/11\/protonenkliniek-groningen-UMCG-6.jpg 1024w\" sizes=\"auto, (max-width: 300px) 100vw, 300px\" \/><\/div>\n\t\t<\/a>\n\t\t\t\t<div class=\"elementor-post__text\">\n\t\t\t\t<h4 class=\"elementor-post__title\">\n\t\t\t<a href=\"https:\/\/vanbeelen.com\/de\/projects\/specials\/\" >\n\t\t\t\tBesondere\t\t\t<\/a>\n\t\t<\/h4>\n\t\t\t\t<div class=\"elementor-post__excerpt\">\n\t\t\t<p>Specials De naam geeft al aan dat het om projecten gaat die niet alledaags zijn.\u00a0De afgelopen jaren hebben wij heel wat<\/p>\n\t\t<\/div>\n\t\t\n\t\t<a class=\"elementor-post__read-more\" href=\"https:\/\/vanbeelen.com\/de\/projects\/specials\/\" aria-label=\"Read more about Specials\" tabindex=\"-1\" >\n\t\t\tWeiterlesen\t\t<\/a>\n\n\t\t\t\t<\/div>\n\t\t\t\t<\/article>\n\t\t\t\t<article class=\"elementor-post elementor-grid-item post-2804 post type-post status-publish format-standard has-post-thumbnail hentry category-projects\">\n\t\t\t\t<a class=\"elementor-post__thumbnail__link\" href=\"https:\/\/vanbeelen.com\/de\/projects\/bij-van-beelen\/\" tabindex=\"-1\" >\n\t\t\t<div class=\"elementor-post__thumbnail\"><img loading=\"lazy\" decoding=\"async\" width=\"300\" height=\"150\" src=\"https:\/\/vanbeelen.com\/wp-content\/uploads\/2021\/05\/Screenshot-2021-05-24-at-21.38.56-300x150.png\" class=\"attachment-medium size-medium wp-image-285\" alt=\"\" srcset=\"https:\/\/vanbeelen.com\/wp-content\/uploads\/2021\/05\/Screenshot-2021-05-24-at-21.38.56-300x150.png 300w, https:\/\/vanbeelen.com\/wp-content\/uploads\/2021\/05\/Screenshot-2021-05-24-at-21.38.56-600x300.png 600w, https:\/\/vanbeelen.com\/wp-content\/uploads\/2021\/05\/Screenshot-2021-05-24-at-21.38.56-1024x512.png 1024w, https:\/\/vanbeelen.com\/wp-content\/uploads\/2021\/05\/Screenshot-2021-05-24-at-21.38.56-768x384.png 768w, https:\/\/vanbeelen.com\/wp-content\/uploads\/2021\/05\/Screenshot-2021-05-24-at-21.38.56-16x8.png 16w, https:\/\/vanbeelen.com\/wp-content\/uploads\/2021\/05\/Screenshot-2021-05-24-at-21.38.56.png 1114w\" sizes=\"auto, (max-width: 300px) 100vw, 300px\" \/><\/div>\n\t\t<\/a>\n\t\t\t\t<div class=\"elementor-post__text\">\n\t\t\t\t<h4 class=\"elementor-post__title\">\n\t\t\t<a href=\"https:\/\/vanbeelen.com\/de\/projects\/bij-van-beelen\/\" >\n\t\t\t\tBei Van Beelen\t\t\t<\/a>\n\t\t<\/h4>\n\t\t\t\t<div class=\"elementor-post__excerpt\">\n\t\t\t<p>Van Beelen NTN Van Beelen verf\u00fcgt \u00fcber langj\u00e4hrige Erfahrung in der Herstellung von Netzen. 1916 begannen wir mit<\/p>\n\t\t<\/div>\n\t\t\n\t\t<a class=\"elementor-post__read-more\" href=\"https:\/\/vanbeelen.com\/de\/projects\/bij-van-beelen\/\" aria-label=\"Read more about Bij Van Beelen\" tabindex=\"-1\" >\n\t\t\tWeiterlesen\t\t<\/a>\n\n\t\t\t\t<\/div>\n\t\t\t\t<\/article>\n\t\t\t\t<article class=\"elementor-post elementor-grid-item post-2782 post type-post status-publish format-standard has-post-thumbnail hentry category-projects\">\n\t\t\t\t<a class=\"elementor-post__thumbnail__link\" href=\"https:\/\/vanbeelen.com\/de\/projects\/kabelnetten\/\" tabindex=\"-1\" >\n\t\t\t<div class=\"elementor-post__thumbnail\"><img loading=\"lazy\" decoding=\"async\" width=\"300\" height=\"200\" src=\"https:\/\/vanbeelen.com\/wp-content\/uploads\/2021\/12\/RVS-Balustradenetten-300x200.jpg\" class=\"attachment-medium size-medium wp-image-2783\" alt=\"\" srcset=\"https:\/\/vanbeelen.com\/wp-content\/uploads\/2021\/12\/RVS-Balustradenetten-300x200.jpg 300w, https:\/\/vanbeelen.com\/wp-content\/uploads\/2021\/12\/RVS-Balustradenetten-768x513.jpg 768w, https:\/\/vanbeelen.com\/wp-content\/uploads\/2021\/12\/RVS-Balustradenetten-600x400.jpg 600w, https:\/\/vanbeelen.com\/wp-content\/uploads\/2021\/12\/RVS-Balustradenetten.jpg 1022w\" sizes=\"auto, (max-width: 300px) 100vw, 300px\" \/><\/div>\n\t\t<\/a>\n\t\t\t\t<div class=\"elementor-post__text\">\n\t\t\t\t<h4 class=\"elementor-post__title\">\n\t\t\t<a href=\"https:\/\/vanbeelen.com\/de\/projects\/kabelnetten\/\" >\n\t\t\t\tKabelnetze aus Edelstahl\t\t\t<\/a>\n\t\t<\/h4>\n\t\t\t\t<div class=\"elementor-post__excerpt\">\n\t\t\t<p>Edelstahlseilnetze: Edelstahlseilnetze werden immer h\u00e4ufiger eingesetzt und sind an vielen Stellen einsetzbar, wie z.B. Fassadenverkleidungen, Absturzsicherungen, Br\u00fcstungsnetze oder in<\/p>\n\t\t<\/div>\n\t\t\n\t\t<a class=\"elementor-post__read-more\" href=\"https:\/\/vanbeelen.com\/de\/projects\/kabelnetten\/\" aria-label=\"Read more about RVS Kabelnetten\" tabindex=\"-1\" >\n\t\t\tWeiterlesen\t\t<\/a>\n\n\t\t\t\t<\/div>\n\t\t\t\t<\/article>\n\t\t\t\t<article class=\"elementor-post elementor-grid-item post-2576 post type-post status-publish format-standard has-post-thumbnail hentry category-projects\">\n\t\t\t\t<a class=\"elementor-post__thumbnail__link\" href=\"https:\/\/vanbeelen.com\/de\/projects\/alberdingk-thijm-school\/\" tabindex=\"-1\" >\n\t\t\t<div class=\"elementor-post__thumbnail\"><img loading=\"lazy\" decoding=\"async\" width=\"300\" height=\"225\" src=\"https:\/\/vanbeelen.com\/wp-content\/uploads\/2021\/11\/Alberdingk-Thijm-school-2-1-300x225.jpg\" class=\"attachment-medium size-medium wp-image-2577\" alt=\"\" srcset=\"https:\/\/vanbeelen.com\/wp-content\/uploads\/2021\/11\/Alberdingk-Thijm-school-2-1-300x225.jpg 300w, https:\/\/vanbeelen.com\/wp-content\/uploads\/2021\/11\/Alberdingk-Thijm-school-2-1-768x576.jpg 768w, https:\/\/vanbeelen.com\/wp-content\/uploads\/2021\/11\/Alberdingk-Thijm-school-2-1-16x12.jpg 16w, https:\/\/vanbeelen.com\/wp-content\/uploads\/2021\/11\/Alberdingk-Thijm-school-2-1-600x450.jpg 600w, https:\/\/vanbeelen.com\/wp-content\/uploads\/2021\/11\/Alberdingk-Thijm-school-2-1.jpg 1024w\" sizes=\"auto, (max-width: 300px) 100vw, 300px\" \/><\/div>\n\t\t<\/a>\n\t\t\t\t<div class=\"elementor-post__text\">\n\t\t\t\t<h4 class=\"elementor-post__title\">\n\t\t\t<a href=\"https:\/\/vanbeelen.com\/de\/projects\/alberdingk-thijm-school\/\" >\n\t\t\t\tAlberdingk Thijm Schule\t\t\t<\/a>\n\t\t<\/h4>\n\t\t\t\t<div class=\"elementor-post__excerpt\">\n\t\t\t<p>Alberdinck Thijm Schule in Hilversum Installation neuer Seitennetze und eines Dachnetzes f\u00fcr den Sportk\u00e4fig der Alberdingk Thijm Schule in<\/p>\n\t\t<\/div>\n\t\t\n\t\t<a class=\"elementor-post__read-more\" href=\"https:\/\/vanbeelen.com\/de\/projects\/alberdingk-thijm-school\/\" aria-label=\"Read more about Alberdingk Thijm School\" tabindex=\"-1\" >\n\t\t\tWeiterlesen\t\t<\/a>\n\n\t\t\t\t<\/div>\n\t\t\t\t<\/article>\n\t\t\t\t<article class=\"elementor-post elementor-grid-item post-2561 post type-post status-publish format-standard has-post-thumbnail hentry category-projects\">\n\t\t\t\t<a class=\"elementor-post__thumbnail__link\" href=\"https:\/\/vanbeelen.com\/de\/projects\/inpakken-bedrijfspand\/\" tabindex=\"-1\" >\n\t\t\t<div class=\"elementor-post__thumbnail\"><img loading=\"lazy\" decoding=\"async\" width=\"300\" height=\"225\" src=\"https:\/\/vanbeelen.com\/wp-content\/uploads\/2021\/11\/inpakken-bedrijfspand-9-300x225.jpg\" class=\"attachment-medium size-medium wp-image-2569\" alt=\"\" srcset=\"https:\/\/vanbeelen.com\/wp-content\/uploads\/2021\/11\/inpakken-bedrijfspand-9-300x225.jpg 300w, https:\/\/vanbeelen.com\/wp-content\/uploads\/2021\/11\/inpakken-bedrijfspand-9-768x576.jpg 768w, https:\/\/vanbeelen.com\/wp-content\/uploads\/2021\/11\/inpakken-bedrijfspand-9-16x12.jpg 16w, https:\/\/vanbeelen.com\/wp-content\/uploads\/2021\/11\/inpakken-bedrijfspand-9-600x450.jpg 600w, https:\/\/vanbeelen.com\/wp-content\/uploads\/2021\/11\/inpakken-bedrijfspand-9.jpg 1024w\" sizes=\"auto, (max-width: 300px) 100vw, 300px\" \/><\/div>\n\t\t<\/a>\n\t\t\t\t<div class=\"elementor-post__text\">\n\t\t\t\t<h4 class=\"elementor-post__title\">\n\t\t\t<a href=\"https:\/\/vanbeelen.com\/de\/projects\/inpakken-bedrijfspand\/\" >\n\t\t\t\tEin Gesch\u00e4ftsgeb\u00e4ude verpacken\t\t\t<\/a>\n\t\t<\/h4>\n\t\t\t\t<div class=\"elementor-post__excerpt\">\n\t\t\t<p>Gesch\u00e4ftsgeb\u00e4ude Rotterdam Verpackung der Au\u00dfenfassaden eines Gesch\u00e4ftsgeb\u00e4udes in Rotterdam. Frames werden gespeichert mittels Stahlseile, an denen das Netz befestigt ist<\/p>\n\t\t<\/div>\n\t\t\n\t\t<a class=\"elementor-post__read-more\" href=\"https:\/\/vanbeelen.com\/de\/projects\/inpakken-bedrijfspand\/\" aria-label=\"Read more about Inpakken Bedrijfspand\" tabindex=\"-1\" >\n\t\t\tWeiterlesen\t\t<\/a>\n\n\t\t\t\t<\/div>\n\t\t\t\t<\/article>\n\t\t\t\t<article class=\"elementor-post elementor-grid-item post-2548 post type-post status-publish format-standard has-post-thumbnail hentry category-projects\">\n\t\t\t\t<a class=\"elementor-post__thumbnail__link\" href=\"https:\/\/vanbeelen.com\/de\/projects\/basisschool-ikc-de-twijn\/\" tabindex=\"-1\" >\n\t\t\t<div class=\"elementor-post__thumbnail\"><img loading=\"lazy\" decoding=\"async\" width=\"300\" height=\"225\" src=\"https:\/\/vanbeelen.com\/wp-content\/uploads\/2021\/11\/bassischool-IKC-de-Twijn-5-300x225.jpeg\" class=\"attachment-medium size-medium wp-image-2552\" alt=\"\" srcset=\"https:\/\/vanbeelen.com\/wp-content\/uploads\/2021\/11\/bassischool-IKC-de-Twijn-5-300x225.jpeg 300w, https:\/\/vanbeelen.com\/wp-content\/uploads\/2021\/11\/bassischool-IKC-de-Twijn-5-768x576.jpeg 768w, https:\/\/vanbeelen.com\/wp-content\/uploads\/2021\/11\/bassischool-IKC-de-Twijn-5-16x12.jpeg 16w, https:\/\/vanbeelen.com\/wp-content\/uploads\/2021\/11\/bassischool-IKC-de-Twijn-5-600x450.jpeg 600w, https:\/\/vanbeelen.com\/wp-content\/uploads\/2021\/11\/bassischool-IKC-de-Twijn-5.jpeg 1024w\" sizes=\"auto, (max-width: 300px) 100vw, 300px\" \/><\/div>\n\t\t<\/a>\n\t\t\t\t<div class=\"elementor-post__text\">\n\t\t\t\t<h4 class=\"elementor-post__title\">\n\t\t\t<a href=\"https:\/\/vanbeelen.com\/de\/projects\/basisschool-ikc-de-twijn\/\" >\n\t\t\t\tGrundschule IKC de Twijn in Alblasserdam\t\t\t<\/a>\n\t\t<\/h4>\n\t\t\t\t<div class=\"elementor-post__excerpt\">\n\t\t\t<p>Grundschule IKC de Twijn in Alblasserdam Montage von 3 vertikalen und einem horizontalen knotenlosen Dyneema-Netz, f\u00fcr ein einzigartiges Kind<\/p>\n\t\t<\/div>\n\t\t\n\t\t<a class=\"elementor-post__read-more\" href=\"https:\/\/vanbeelen.com\/de\/projects\/basisschool-ikc-de-twijn\/\" aria-label=\"Read more about Basisschool IKC de Twijn\" tabindex=\"-1\" >\n\t\t\tWeiterlesen\t\t<\/a>\n\n\t\t\t\t<\/div>\n\t\t\t\t<\/article>\n\t\t\t\t<\/div>\n\t\t\t\t\t<span class=\"e-load-more-spinner\">\n\t\t\t\t<i aria-hidden=\"true\" class=\"fas fa-spinner\"><\/i>\t\t\t<\/span>\n\t\t\n\t\t\t\t<div class=\"e-load-more-anchor\" data-page=\"1\" data-max-page=\"2\" data-next-page=\"https:\/\/vanbeelen.com\/de\/wp-json\/wp\/v2\/pages\/603\/page\/2\/\"><\/div>\n\t\t\t\t<div class=\"e-load-more-message\"><\/div>\n\t\t\t\t<\/div>\n\t\t\t\t<\/div>\n\t\t\t\t\t\t<\/div>\n\t\t\t\t\t<\/div>\n\t\t<\/div>\n\t\t\t\t\t\t\t\t<\/div>\n\t\t\t\t\t<\/div>\n\t\t<\/section>\n\t\t\t\t\t\t<\/div>\n\t\t\t\t\t<\/div>\n\t\t<\/div>\n\t\t\t\t\t\t\t\t<\/div>\n\t\t\t\t\t<\/div>\n\t\t<\/section>\n\t\t\t\t<section class=\"elementor-section elementor-top-section elementor-element elementor-element-7a189c3 elementor-section-boxed elementor-section-height-default elementor-section-height-default\" data-id=\"7a189c3\" data-element_type=\"section\">\n\t\t\t\t\t\t<div class=\"elementor-container elementor-column-gap-default\">\n\t\t\t\t\t\t\t<div class=\"elementor-row\">\n\t\t\t\t\t<div class=\"elementor-column elementor-col-100 elementor-top-column elementor-element elementor-element-3b6e5aa\" data-id=\"3b6e5aa\" data-element_type=\"column\">\n\t\t\t<div class=\"elementor-column-wrap\">\n\t\t\t\t\t\t\t<div class=\"elementor-widget-wrap\">\n\t\t\t\t\t\t\t\t<\/div>\n\t\t\t\t\t<\/div>\n\t\t<\/div>\n\t\t\t\t\t\t\t\t<\/div>\n\t\t\t\t\t<\/div>\n\t\t<\/section>\n\t\t\t\t\t\t\t\t\t<\/div>\n\t\t\t<\/div>\n\t\t\t\t\t<\/div>","protected":false},"excerpt":{"rendered":"<p>Kwaliteit netten voor ieder project Bekijk onze projecten<\/p>","protected":false},"author":1,"featured_media":470,"parent":0,"menu_order":0,"comment_status":"closed","ping_status":"closed","template":"","meta":{"footnotes":""},"class_list":["post-603","page","type-page","status-publish","has-post-thumbnail","hentry"],"yoast_head":"<!-- This site is optimized with the Yoast SEO plugin v21.5 - https:\/\/yoast.com\/wordpress\/plugins\/seo\/ -->\n<title>Projecten - Van Beelen NTN<\/title>\n<meta name=\"robots\" content=\"index, follow, max-snippet:-1, max-image-preview:large, max-video-preview:-1\" \/>\n<link rel=\"canonical\" href=\"https:\/\/vanbeelen.com\/de\/projecten\/\" \/>\n<meta property=\"og:locale\" content=\"de_DE\" \/>\n<meta property=\"og:type\" content=\"article\" \/>\n<meta property=\"og:title\" content=\"Projecten - Van Beelen NTN\" \/>\n<meta property=\"og:description\" content=\"Kwaliteit netten voor ieder project Bekijk onze projecten\" \/>\n<meta property=\"og:url\" content=\"https:\/\/vanbeelen.com\/de\/projecten\/\" \/>\n<meta property=\"og:site_name\" content=\"Van Beelen NTN\" \/>\n<meta property=\"article:publisher\" content=\"https:\/\/www.facebook.com\/profile.php?id=100057447309889\" \/>\n<meta property=\"article:modified_time\" content=\"2021-12-24T11:34:17+00:00\" \/>\n<meta property=\"og:image\" content=\"https:\/\/vanbeelen.com\/wp-content\/uploads\/2021\/06\/west_8_city_on_fire_-_city_in_bloom_construction_b.jpg\" \/>\n\t<meta property=\"og:image:width\" content=\"1400\" \/>\n\t<meta property=\"og:image:height\" content=\"862\" \/>\n\t<meta property=\"og:image:type\" content=\"image\/jpeg\" \/>\n<meta name=\"twitter:card\" content=\"summary_large_image\" \/>\n<script type=\"application\/ld+json\" class=\"yoast-schema-graph\">{\"@context\":\"https:\/\/schema.org\",\"@graph\":[{\"@type\":\"WebPage\",\"@id\":\"https:\/\/vanbeelen.com\/nl\/projecten\/\",\"url\":\"https:\/\/vanbeelen.com\/nl\/projecten\/\",\"name\":\"Projecten - Van Beelen NTN\",\"isPartOf\":{\"@id\":\"https:\/\/vanbeelen.com\/en\/#website\"},\"datePublished\":\"2021-06-14T09:05:40+00:00\",\"dateModified\":\"2021-12-24T11:34:17+00:00\",\"breadcrumb\":{\"@id\":\"https:\/\/vanbeelen.com\/nl\/projecten\/#breadcrumb\"},\"inLanguage\":\"de\",\"potentialAction\":[{\"@type\":\"ReadAction\",\"target\":[\"https:\/\/vanbeelen.com\/nl\/projecten\/\"]}]},{\"@type\":\"BreadcrumbList\",\"@id\":\"https:\/\/vanbeelen.com\/nl\/projecten\/#breadcrumb\",\"itemListElement\":[{\"@type\":\"ListItem\",\"position\":1,\"name\":\"Home\",\"item\":\"https:\/\/vanbeelen.com\/en\/\"},{\"@type\":\"ListItem\",\"position\":2,\"name\":\"Projecten\"}]},{\"@type\":\"WebSite\",\"@id\":\"https:\/\/vanbeelen.com\/en\/#website\",\"url\":\"https:\/\/vanbeelen.com\/en\/\",\"name\":\"Van Beelen NTN\",\"description\":\"De netten Specialist\",\"publisher\":{\"@id\":\"https:\/\/vanbeelen.com\/en\/#organization\"},\"potentialAction\":[{\"@type\":\"SearchAction\",\"target\":{\"@type\":\"EntryPoint\",\"urlTemplate\":\"https:\/\/vanbeelen.com\/en\/?s={search_term_string}\"},\"query-input\":\"required name=search_term_string\"}],\"inLanguage\":\"de\"},{\"@type\":\"Organization\",\"@id\":\"https:\/\/vanbeelen.com\/en\/#organization\",\"name\":\"Van Beelen NTN\",\"url\":\"https:\/\/vanbeelen.com\/en\/\",\"logo\":{\"@type\":\"ImageObject\",\"inLanguage\":\"de\",\"@id\":\"https:\/\/vanbeelen.com\/en\/#\/schema\/logo\/image\/\",\"url\":\"https:\/\/vanbeelen.com\/wp-content\/uploads\/2021\/07\/logonieuw-lang.png\",\"contentUrl\":\"https:\/\/vanbeelen.com\/wp-content\/uploads\/2021\/07\/logonieuw-lang.png\",\"width\":430,\"height\":67,\"caption\":\"Van Beelen NTN\"},\"image\":{\"@id\":\"https:\/\/vanbeelen.com\/en\/#\/schema\/logo\/image\/\"},\"sameAs\":[\"https:\/\/www.facebook.com\/profile.php?id=100057447309889\"]}]}<\/script>\n<!-- \/ Yoast SEO plugin. -->","yoast_head_json":{"title":"Projecten - Van Beelen NTN","robots":{"index":"index","follow":"follow","max-snippet":"max-snippet:-1","max-image-preview":"max-image-preview:large","max-video-preview":"max-video-preview:-1"},"canonical":"https:\/\/vanbeelen.com\/de\/projecten\/","og_locale":"de_DE","og_type":"article","og_title":"Projecten - Van Beelen NTN","og_description":"Kwaliteit netten voor ieder project Bekijk onze projecten","og_url":"https:\/\/vanbeelen.com\/de\/projecten\/","og_site_name":"Van Beelen NTN","article_publisher":"https:\/\/www.facebook.com\/profile.php?id=100057447309889","article_modified_time":"2021-12-24T11:34:17+00:00","og_image":[{"width":1400,"height":862,"url":"https:\/\/vanbeelen.com\/wp-content\/uploads\/2021\/06\/west_8_city_on_fire_-_city_in_bloom_construction_b.jpg","type":"image\/jpeg"}],"twitter_card":"summary_large_image","schema":{"@context":"https:\/\/schema.org","@graph":[{"@type":"WebPage","@id":"https:\/\/vanbeelen.com\/nl\/projecten\/","url":"https:\/\/vanbeelen.com\/nl\/projecten\/","name":"Projecten - Van Beelen NTN","isPartOf":{"@id":"https:\/\/vanbeelen.com\/en\/#website"},"datePublished":"2021-06-14T09:05:40+00:00","dateModified":"2021-12-24T11:34:17+00:00","breadcrumb":{"@id":"https:\/\/vanbeelen.com\/nl\/projecten\/#breadcrumb"},"inLanguage":"de","potentialAction":[{"@type":"ReadAction","target":["https:\/\/vanbeelen.com\/nl\/projecten\/"]}]},{"@type":"BreadcrumbList","@id":"https:\/\/vanbeelen.com\/nl\/projecten\/#breadcrumb","itemListElement":[{"@type":"ListItem","position":1,"name":"Home","item":"https:\/\/vanbeelen.com\/en\/"},{"@type":"ListItem","position":2,"name":"Projecten"}]},{"@type":"WebSite","@id":"https:\/\/vanbeelen.com\/en\/#website","url":"https:\/\/vanbeelen.com\/en\/","name":"Van Beelen NTN","description":"De netten Specialist","publisher":{"@id":"https:\/\/vanbeelen.com\/en\/#organization"},"potentialAction":[{"@type":"SearchAction","target":{"@type":"EntryPoint","urlTemplate":"https:\/\/vanbeelen.com\/en\/?s={search_term_string}"},"query-input":"required name=search_term_string"}],"inLanguage":"de"},{"@type":"Organization","@id":"https:\/\/vanbeelen.com\/en\/#organization","name":"Van Beelen NTN","url":"https:\/\/vanbeelen.com\/en\/","logo":{"@type":"ImageObject","inLanguage":"de","@id":"https:\/\/vanbeelen.com\/en\/#\/schema\/logo\/image\/","url":"https:\/\/vanbeelen.com\/wp-content\/uploads\/2021\/07\/logonieuw-lang.png","contentUrl":"https:\/\/vanbeelen.com\/wp-content\/uploads\/2021\/07\/logonieuw-lang.png","width":430,"height":67,"caption":"Van Beelen NTN"},"image":{"@id":"https:\/\/vanbeelen.com\/en\/#\/schema\/logo\/image\/"},"sameAs":["https:\/\/www.facebook.com\/profile.php?id=100057447309889"]}]}},"_links":{"self":[{"href":"https:\/\/vanbeelen.com\/de\/wp-json\/wp\/v2\/pages\/603","targetHints":{"allow":["GET"]}}],"collection":[{"href":"https:\/\/vanbeelen.com\/de\/wp-json\/wp\/v2\/pages"}],"about":[{"href":"https:\/\/vanbeelen.com\/de\/wp-json\/wp\/v2\/types\/page"}],"author":[{"embeddable":true,"href":"https:\/\/vanbeelen.com\/de\/wp-json\/wp\/v2\/users\/1"}],"replies":[{"embeddable":true,"href":"https:\/\/vanbeelen.com\/de\/wp-json\/wp\/v2\/comments?post=603"}],"version-history":[{"count":79,"href":"https:\/\/vanbeelen.com\/de\/wp-json\/wp\/v2\/pages\/603\/revisions"}],"predecessor-version":[{"id":2943,"href":"https:\/\/vanbeelen.com\/de\/wp-json\/wp\/v2\/pages\/603\/revisions\/2943"}],"wp:featuredmedia":[{"embeddable":true,"href":"https:\/\/vanbeelen.com\/de\/wp-json\/wp\/v2\/media\/470"}],"wp:attachment":[{"href":"https:\/\/vanbeelen.com\/de\/wp-json\/wp\/v2\/media?parent=603"}],"curies":[{"name":"wp","href":"https:\/\/api.w.org\/{rel}","templated":true}]}}