{"id":3,"date":"2021-05-22T09:55:46","date_gmt":"2021-05-22T09:55:46","guid":{"rendered":"https:\/\/www.vanbeelen.com\/?page_id=3"},"modified":"2021-12-28T10:01:30","modified_gmt":"2021-12-28T09:01:30","slug":"privacy-policy","status":"publish","type":"page","link":"https:\/\/vanbeelen.com\/de\/privacy-policy\/","title":{"rendered":"Privacy Policy"},"content":{"rendered":"<div data-elementor-type=\"wp-page\" data-elementor-id=\"3\" class=\"elementor elementor-3\" data-elementor-post-type=\"page\">\n\t\t\t\t\t\t<div class=\"elementor-inner\">\n\t\t\t\t<div class=\"elementor-section-wrap\">\n\t\t\t\t\t\t\t\t\t<section class=\"elementor-section elementor-top-section elementor-element elementor-element-479e3053 elementor-section-boxed elementor-section-height-default elementor-section-height-default\" data-id=\"479e3053\" data-element_type=\"section\">\n\t\t\t\t\t\t<div class=\"elementor-container elementor-column-gap-default\">\n\t\t\t\t\t\t\t<div class=\"elementor-row\">\n\t\t\t\t\t<div class=\"elementor-column elementor-col-100 elementor-top-column elementor-element elementor-element-19c8fb62\" data-id=\"19c8fb62\" data-element_type=\"column\">\n\t\t\t<div class=\"elementor-column-wrap elementor-element-populated\">\n\t\t\t\t\t\t\t<div class=\"elementor-widget-wrap\">\n\t\t\t\t\t\t<div class=\"elementor-element elementor-element-34abf755 elementor-widget elementor-widget-text-editor\" data-id=\"34abf755\" data-element_type=\"widget\" data-widget_type=\"text-editor.default\">\n\t\t\t\t<div class=\"elementor-widget-container\">\n\t\t\t\t\t\t\t\t<div class=\"elementor-text-editor elementor-clearfix\">\n\t\t\t\t<!-- wp:heading -->\n<p>Van Beelen NTN B.V., mit Sitz in der Middenhavenstraat 58 \u2013 62<br \/>1976 CM IJmuiden, is verantwoordelijk voor de verwerking van persoonsgegevens zoals weergegeven in deze privacyverklaring.<\/p>\n<p><strong>Kontaktdetails:<\/strong><br \/>https:\/\/www.vanbeelen.com<br \/>Middenhavenstraat 58 &#8211; 62<br \/>1976 CM IJmuiden<br \/>+ 31 (0)255 512 344<br \/>Joost Van Beelen ist der Datenschutzbeauftragte von Van Beelen NTN B.V. Er ist \u00fcber info@vanbeelen.com erreichbar<\/p>\n<p><strong>Personenbezogene Daten, die wir verarbeiten<\/strong><br \/>Van Beelen NTN B.V. verarbeitet Ihre personenbezogenen Daten, weil Sie unsere Dienste nutzen und\/oder uns diese selbst zur Verf\u00fcgung stellen.<\/p>\n<p>Nachfolgend finden Sie eine \u00dcbersicht \u00fcber die von uns verarbeiteten personenbezogenen Daten:<br \/>- Vor-und Nachname<br \/>- E-Mail-Addresse<br \/>- IP Adresse<br \/>- Standortdaten<br \/>\u2013 Internetbrowser und Ger\u00e4tetyp<\/p>\n<p><br \/><strong>Besondere und\/oder sensible personenbezogene Daten, die wir verarbeiten<\/strong><br \/>Unsere Website und\/oder unser Dienst beabsichtigt nicht, Daten \u00fcber Website-Besucher zu sammeln, die j\u00fcnger als 16 Jahre sind. Es sei denn, sie haben die Erlaubnis der Eltern oder Erziehungsberechtigten. Wir k\u00f6nnen jedoch nicht \u00fcberpr\u00fcfen, ob ein Besucher \u00e4lter als 16 Jahre ist. Wir empfehlen Eltern daher, sich an den Online-Aktivit\u00e4ten ihrer Kinder zu beteiligen, um zu verhindern, dass Daten \u00fcber Kinder ohne Zustimmung der Eltern erhoben werden. Wenn Sie der Meinung sind, dass wir ohne diese Erlaubnis personenbezogene Daten \u00fcber einen Minderj\u00e4hrigen gesammelt haben, kontaktieren Sie uns bitte \u00fcber info@vanbeelen.com und wir werden diese Informationen l\u00f6schen.<\/p>\n<p><br \/><strong>Zu welchem \u200b\u200bZweck und auf welcher Grundlage verarbeiten wir personenbezogene Daten<\/strong><br \/>Van Beelen NTN B.V. verarbeitet Ihre personenbezogenen Daten zu folgenden Zwecken:<br \/>\u2013 Zusendung unseres Newsletters und\/oder unserer Werbebrosch\u00fcre<br \/>&#8211; U te kunnen bellen of e-mailen indien dit nodig is om onze dienstverlening uit te kunnen voeren<br \/>\u2013 Um Sie \u00fcber \u00c4nderungen unserer Dienstleistungen und Produkte zu informieren<br \/>\u2013 Um Ihnen Waren und Dienstleistungen zu liefern<br \/>\u2013 Van Beelen NTN B.V. analysiert Ihr Verhalten auf der Website, um die Website zu verbessern und das Angebot an Produkten und Dienstleistungen an Ihre Vorlieben anzupassen. <br \/>\u2013 Van Beelen NTN B.V. verarbeitet auch personenbezogene Daten, wenn wir dazu gesetzlich verpflichtet sind, beispielsweise Daten, die wir f\u00fcr unsere Steuererkl\u00e4rung ben\u00f6tigen.<\/p>\n<p><br \/><strong>Automatisierte Entscheidungsfindung<\/strong><br \/>Van Beelen NTN B.V. #verantwortung trifft Entscheidungen auf der Grundlage einer automatisierten Verarbeitung \u00fcber Angelegenheiten, die (erhebliche) Folgen f\u00fcr Menschen haben k\u00f6nnen. Dies betrifft Entscheidungen, die von Computerprogrammen oder -systemen getroffen werden, ohne dass eine Person beteiligt ist (zum Beispiel ein Mitarbeiter von Van Beelen NTN B.V.). Van Beelen NTN B.V. verwendet die folgenden Computerprogramme oder -systeme:<\/p>\n<p>#use_explanation<\/p>\n<p><br \/><strong>Wie lange wir personenbezogene Daten aufbewahren<\/strong><\/p>\n<p>Van Beelen NTN B.V. speichert Ihre personenbezogenen Daten nicht l\u00e4nger als unbedingt erforderlich, um die Zwecke zu erf\u00fcllen, f\u00fcr die Ihre Daten erhoben werden. Wir verwenden die folgenden Aufbewahrungsfristen f\u00fcr die folgenden (Kategorien) personenbezogener Daten:<\/p>\n<p>#retention_period<\/p>\n<p><br \/><strong>Weitergabe personenbezogener Daten an Dritte<\/strong><\/p>\n<p>Van Beelen NTN B.V. verkauft Ihre Daten nicht an Dritte und gibt sie nur weiter, wenn dies zur Durchf\u00fchrung unserer Vereinbarung mit Ihnen oder zur Erf\u00fcllung einer gesetzlichen Verpflichtung erforderlich ist. Wir schlie\u00dfen mit Unternehmen, die Ihre Daten in unserem Auftrag verarbeiten, einen Verarbeitungsvertrag ab, um das gleiche Ma\u00df an Sicherheit und Vertraulichkeit Ihrer Daten zu gew\u00e4hrleisten. Van Beelen NTN B.V. bleibt f\u00fcr diese Verarbeitungsvorg\u00e4nge verantwortlich.<\/p>\n<p><br \/><strong>Cookies oder \u00e4hnliche Techniken, die wir verwenden<\/strong><br \/>Van Beelen NTN B.V. verwendet funktionale, analytische und Tracking-Cookies. Ein Cookie ist eine kleine Textdatei, die beim ersten Besuch dieser Website im Browser Ihres Computers, Tablets oder Smartphones gespeichert wird. Van Beelen NTN B.V. verwendet Cookies mit rein technischer Funktionalit\u00e4t. Diese stellen sicher, dass die Website ordnungsgem\u00e4\u00df funktioniert und beispielsweise Ihre bevorzugten Einstellungen gespeichert werden. Diese Cookies werden auch verwendet, um die Website ordnungsgem\u00e4\u00df funktionieren zu lassen und zu optimieren. Dar\u00fcber hinaus platzieren wir Cookies, die Ihr Surfverhalten verfolgen, damit wir ma\u00dfgeschneiderte Inhalte und Werbung anbieten k\u00f6nnen.<\/p>\n<p>Bei Ihrem ersten Besuch auf unserer Website haben wir Sie bereits \u00fcber diese Cookies informiert und um Erlaubnis gebeten, diese zu platzieren.<\/p>\n<p>Sie k\u00f6nnen Cookies ablehnen, indem Sie Ihren Internetbrowser so einstellen, dass er keine Cookies mehr speichert. Dar\u00fcber hinaus k\u00f6nnen Sie auch alle zuvor gespeicherten Informationen \u00fcber die Einstellungen Ihres Browsers l\u00f6schen.<\/p>\n<p>Eine Erl\u00e4uterung finden Sie unter: https:\/\/veiliginternetten.nl\/themes\/kalender\/cookies-wat-zijn-het-en-wat-doe-ik-ermee\/<br \/>Auf dieser Website werden auch Cookies von Dritten platziert. Dies sind beispielsweise Werbetreibende und\/oder Social-Media-Unternehmen. Nachfolgend eine \u00dcbersicht:<\/p>\n<p>[ Zum Beispiel:<br \/>Cookie:\u00a0Googly Analytics<br \/>Naam:\u00a0_utma<br \/>Funktion:\u00a0Analytisches Cookie, das den Website-Besuch misst<br \/>Aufbewahrungsfrist:\u00a02\u00a0Jahre ]<\/p>\n<p>\u00a0<\/p>\n<p><strong>Daten anzeigen, \u00e4ndern oder l\u00f6schen<\/strong> <br \/>Sie haben das Recht, Ihre personenbezogenen Daten einzusehen, zu korrigieren oder zu l\u00f6schen. Dies k\u00f6nnen Sie selbst \u00fcber die pers\u00f6nlichen Einstellungen Ihres Kontos tun. Dar\u00fcber hinaus haben Sie das Recht, Ihre Einwilligung zur Datenverarbeitung zu widerrufen oder der Verarbeitung Ihrer personenbezogenen Daten durch unser Unternehmen zu widersprechen und Sie haben das Recht auf Daten\u00fcbertragbarkeit. Das bedeutet, dass Sie uns einen Antrag stellen k\u00f6nnen, die personenbezogenen Daten, die wir \u00fcber Sie in einer Computerdatei haben, an Sie oder eine andere von Ihnen genannte Organisation zu senden.<\/p>\n<p>M\u00f6chten Sie von Ihrem Widerspruchsrecht und\/oder Recht auf Daten\u00fcbertragbarkeit Gebrauch machen oder haben Sie sonstige Fragen\/Anmerkungen zur Datenverarbeitung, so richten Sie bitte eine konkrete Anfrage an info@vanbeelen.com.<\/p>\n<p>Um sicherzustellen, dass der Antrag auf Zugang von Ihnen gestellt wurde, bitten wir Sie, dem Antrag eine Kopie Ihres Identit\u00e4tsnachweises beizuf\u00fcgen. Machen Sie in dieser Kopie Ihr Passfoto, MRZ (maschinenlesbare Zone, der Nummernstreifen am unteren Rand des Passes), Passnummer und B\u00fcrgerservicenummer (BSN) schwarz. Dies dient dem Schutz Ihrer Privatsph\u00e4re. Van Beelen NTN B.V. wird Ihre Anfrage schnellstm\u00f6glich, in jedem Fall jedoch innerhalb von vier Wochen beantworten.<\/p>\n<p>Van Beelen NTN B.V. weist auch darauf hin, dass Sie die M\u00f6glichkeit haben, eine Beschwerde bei der nationalen Aufsichtsbeh\u00f6rde, der niederl\u00e4ndischen Datenschutzbeh\u00f6rde, einzureichen. Sie k\u00f6nnen dies \u00fcber den folgenden Link tun: https:\/\/autoriteitpersoonsgegevens.nl\/nl\/contact-met-de-autoriteit-persoonsgegevens\/tip-ons<\/p>\n<p><br \/><strong>Wie wir personenbezogene Daten sch\u00fctzen<\/strong><br \/>Van Beelen NTN B.V. nimmt den Schutz Ihrer Daten ernst und ergreift geeignete Ma\u00dfnahmen, um Missbrauch, Verlust, unbefugten Zugriff, ungewollte Offenlegung und unbefugte \u00c4nderung zu verhindern. Sollten Sie den Eindruck haben, dass Ihre Daten nicht ordnungsgem\u00e4\u00df gesichert sind oder Hinweise auf Missbrauch vorliegen, wenden Sie sich bitte an unseren Kundenservice oder \u00fcber info@vanbeelen.com<\/p>\n<!-- \/wp:paragraph -->\t\t\t\t\t<\/div>\n\t\t\t\t\t\t<\/div>\n\t\t\t\t<\/div>\n\t\t\t\t\t\t<\/div>\n\t\t\t\t\t<\/div>\n\t\t<\/div>\n\t\t\t\t\t\t\t\t<\/div>\n\t\t\t\t\t<\/div>\n\t\t<\/section>\n\t\t\t\t\t\t\t\t\t<\/div>\n\t\t\t<\/div>\n\t\t\t\t\t<\/div>","protected":false},"excerpt":{"rendered":"<p>Van Beelen NTN B.V., gevestigd aan Middenhavenstraat 58 &#8211; 621976 CM IJmuiden, is verantwoordelijk voor de verwerking van persoonsgegevens zoals weergegeven in deze privacyverklaring. Contactgegevens:https:\/\/www.vanbeelen.comMiddenhavenstraat 58 &#8211; 621976 CM IJmuiden+ 31 (0)255 512 344Joost Van Beelen is de Functionaris Gegevensbescherming van Van Beelen NTN B.V. Hij is te bereiken via info@vanbeelen.com Persoonsgegevens die wij verwerkenVan [&hellip;]<\/p>","protected":false},"author":1,"featured_media":0,"parent":0,"menu_order":0,"comment_status":"closed","ping_status":"open","template":"","meta":{"footnotes":""},"class_list":["post-3","page","type-page","status-publish","hentry"],"yoast_head":"<!-- This site is optimized with the Yoast SEO plugin v21.5 - https:\/\/yoast.com\/wordpress\/plugins\/seo\/ -->\n<title>Privacy Policy - Van Beelen NTN<\/title>\n<meta name=\"robots\" content=\"index, follow, max-snippet:-1, max-image-preview:large, max-video-preview:-1\" \/>\n<link rel=\"canonical\" href=\"https:\/\/vanbeelen.com\/de\/privacy-policy\/\" \/>\n<meta property=\"og:locale\" content=\"de_DE\" \/>\n<meta property=\"og:type\" content=\"article\" \/>\n<meta property=\"og:title\" content=\"Privacy Policy - Van Beelen NTN\" \/>\n<meta property=\"og:description\" content=\"Van Beelen NTN B.V., gevestigd aan Middenhavenstraat 58 &#8211; 621976 CM IJmuiden, is verantwoordelijk voor de verwerking van persoonsgegevens zoals weergegeven in deze privacyverklaring. Contactgegevens:https:\/\/www.vanbeelen.comMiddenhavenstraat 58 &#8211; 621976 CM IJmuiden+ 31 (0)255 512 344Joost Van Beelen is de Functionaris Gegevensbescherming van Van Beelen NTN B.V. Hij is te bereiken via info@vanbeelen.com Persoonsgegevens die wij verwerkenVan [&hellip;]\" \/>\n<meta property=\"og:url\" content=\"https:\/\/vanbeelen.com\/de\/privacy-policy\/\" \/>\n<meta property=\"og:site_name\" content=\"Van Beelen NTN\" \/>\n<meta property=\"article:publisher\" content=\"https:\/\/www.facebook.com\/profile.php?id=100057447309889\" \/>\n<meta property=\"article:modified_time\" content=\"2021-12-28T09:01:30+00:00\" \/>\n<meta name=\"twitter:card\" content=\"summary_large_image\" \/>\n<meta name=\"twitter:label1\" content=\"Gesch\u00e4tzte Lesezeit\" \/>\n\t<meta name=\"twitter:data1\" content=\"5\u00a0Minuten\" \/>\n<script type=\"application\/ld+json\" class=\"yoast-schema-graph\">{\"@context\":\"https:\/\/schema.org\",\"@graph\":[{\"@type\":\"WebPage\",\"@id\":\"https:\/\/vanbeelen.com\/en\/privacy-policy\/\",\"url\":\"https:\/\/vanbeelen.com\/en\/privacy-policy\/\",\"name\":\"Privacy Policy - Van Beelen NTN\",\"isPartOf\":{\"@id\":\"https:\/\/vanbeelen.com\/en\/#website\"},\"datePublished\":\"2021-05-22T09:55:46+00:00\",\"dateModified\":\"2021-12-28T09:01:30+00:00\",\"breadcrumb\":{\"@id\":\"https:\/\/vanbeelen.com\/en\/privacy-policy\/#breadcrumb\"},\"inLanguage\":\"de\",\"potentialAction\":[{\"@type\":\"ReadAction\",\"target\":[\"https:\/\/vanbeelen.com\/en\/privacy-policy\/\"]}]},{\"@type\":\"BreadcrumbList\",\"@id\":\"https:\/\/vanbeelen.com\/en\/privacy-policy\/#breadcrumb\",\"itemListElement\":[{\"@type\":\"ListItem\",\"position\":1,\"name\":\"Home\",\"item\":\"https:\/\/vanbeelen.com\/en\/\"},{\"@type\":\"ListItem\",\"position\":2,\"name\":\"Privacy Policy\"}]},{\"@type\":\"WebSite\",\"@id\":\"https:\/\/vanbeelen.com\/en\/#website\",\"url\":\"https:\/\/vanbeelen.com\/en\/\",\"name\":\"Van Beelen NTN\",\"description\":\"De netten Specialist\",\"publisher\":{\"@id\":\"https:\/\/vanbeelen.com\/en\/#organization\"},\"potentialAction\":[{\"@type\":\"SearchAction\",\"target\":{\"@type\":\"EntryPoint\",\"urlTemplate\":\"https:\/\/vanbeelen.com\/en\/?s={search_term_string}\"},\"query-input\":\"required name=search_term_string\"}],\"inLanguage\":\"de\"},{\"@type\":\"Organization\",\"@id\":\"https:\/\/vanbeelen.com\/en\/#organization\",\"name\":\"Van Beelen NTN\",\"url\":\"https:\/\/vanbeelen.com\/en\/\",\"logo\":{\"@type\":\"ImageObject\",\"inLanguage\":\"de\",\"@id\":\"https:\/\/vanbeelen.com\/en\/#\/schema\/logo\/image\/\",\"url\":\"https:\/\/vanbeelen.com\/wp-content\/uploads\/2021\/07\/logonieuw-lang.png\",\"contentUrl\":\"https:\/\/vanbeelen.com\/wp-content\/uploads\/2021\/07\/logonieuw-lang.png\",\"width\":430,\"height\":67,\"caption\":\"Van Beelen NTN\"},\"image\":{\"@id\":\"https:\/\/vanbeelen.com\/en\/#\/schema\/logo\/image\/\"},\"sameAs\":[\"https:\/\/www.facebook.com\/profile.php?id=100057447309889\"]}]}<\/script>\n<!-- \/ Yoast SEO plugin. -->","yoast_head_json":{"title":"Privacy Policy - Van Beelen NTN","robots":{"index":"index","follow":"follow","max-snippet":"max-snippet:-1","max-image-preview":"max-image-preview:large","max-video-preview":"max-video-preview:-1"},"canonical":"https:\/\/vanbeelen.com\/de\/privacy-policy\/","og_locale":"de_DE","og_type":"article","og_title":"Privacy Policy - Van Beelen NTN","og_description":"Van Beelen NTN B.V., gevestigd aan Middenhavenstraat 58 &#8211; 621976 CM IJmuiden, is verantwoordelijk voor de verwerking van persoonsgegevens zoals weergegeven in deze privacyverklaring. Contactgegevens:https:\/\/www.vanbeelen.comMiddenhavenstraat 58 &#8211; 621976 CM IJmuiden+ 31 (0)255 512 344Joost Van Beelen is de Functionaris Gegevensbescherming van Van Beelen NTN B.V. Hij is te bereiken via info@vanbeelen.com Persoonsgegevens die wij verwerkenVan [&hellip;]","og_url":"https:\/\/vanbeelen.com\/de\/privacy-policy\/","og_site_name":"Van Beelen NTN","article_publisher":"https:\/\/www.facebook.com\/profile.php?id=100057447309889","article_modified_time":"2021-12-28T09:01:30+00:00","twitter_card":"summary_large_image","twitter_misc":{"Gesch\u00e4tzte Lesezeit":"5\u00a0Minuten"},"schema":{"@context":"https:\/\/schema.org","@graph":[{"@type":"WebPage","@id":"https:\/\/vanbeelen.com\/en\/privacy-policy\/","url":"https:\/\/vanbeelen.com\/en\/privacy-policy\/","name":"Privacy Policy - Van Beelen NTN","isPartOf":{"@id":"https:\/\/vanbeelen.com\/en\/#website"},"datePublished":"2021-05-22T09:55:46+00:00","dateModified":"2021-12-28T09:01:30+00:00","breadcrumb":{"@id":"https:\/\/vanbeelen.com\/en\/privacy-policy\/#breadcrumb"},"inLanguage":"de","potentialAction":[{"@type":"ReadAction","target":["https:\/\/vanbeelen.com\/en\/privacy-policy\/"]}]},{"@type":"BreadcrumbList","@id":"https:\/\/vanbeelen.com\/en\/privacy-policy\/#breadcrumb","itemListElement":[{"@type":"ListItem","position":1,"name":"Home","item":"https:\/\/vanbeelen.com\/en\/"},{"@type":"ListItem","position":2,"name":"Privacy Policy"}]},{"@type":"WebSite","@id":"https:\/\/vanbeelen.com\/en\/#website","url":"https:\/\/vanbeelen.com\/en\/","name":"Van Beelen NTN","description":"De netten Specialist","publisher":{"@id":"https:\/\/vanbeelen.com\/en\/#organization"},"potentialAction":[{"@type":"SearchAction","target":{"@type":"EntryPoint","urlTemplate":"https:\/\/vanbeelen.com\/en\/?s={search_term_string}"},"query-input":"required name=search_term_string"}],"inLanguage":"de"},{"@type":"Organization","@id":"https:\/\/vanbeelen.com\/en\/#organization","name":"Van Beelen NTN","url":"https:\/\/vanbeelen.com\/en\/","logo":{"@type":"ImageObject","inLanguage":"de","@id":"https:\/\/vanbeelen.com\/en\/#\/schema\/logo\/image\/","url":"https:\/\/vanbeelen.com\/wp-content\/uploads\/2021\/07\/logonieuw-lang.png","contentUrl":"https:\/\/vanbeelen.com\/wp-content\/uploads\/2021\/07\/logonieuw-lang.png","width":430,"height":67,"caption":"Van Beelen NTN"},"image":{"@id":"https:\/\/vanbeelen.com\/en\/#\/schema\/logo\/image\/"},"sameAs":["https:\/\/www.facebook.com\/profile.php?id=100057447309889"]}]}},"_links":{"self":[{"href":"https:\/\/vanbeelen.com\/de\/wp-json\/wp\/v2\/pages\/3","targetHints":{"allow":["GET"]}}],"collection":[{"href":"https:\/\/vanbeelen.com\/de\/wp-json\/wp\/v2\/pages"}],"about":[{"href":"https:\/\/vanbeelen.com\/de\/wp-json\/wp\/v2\/types\/page"}],"author":[{"embeddable":true,"href":"https:\/\/vanbeelen.com\/de\/wp-json\/wp\/v2\/users\/1"}],"replies":[{"embeddable":true,"href":"https:\/\/vanbeelen.com\/de\/wp-json\/wp\/v2\/comments?post=3"}],"version-history":[{"count":15,"href":"https:\/\/vanbeelen.com\/de\/wp-json\/wp\/v2\/pages\/3\/revisions"}],"predecessor-version":[{"id":2961,"href":"https:\/\/vanbeelen.com\/de\/wp-json\/wp\/v2\/pages\/3\/revisions\/2961"}],"wp:attachment":[{"href":"https:\/\/vanbeelen.com\/de\/wp-json\/wp\/v2\/media?parent=3"}],"curies":[{"name":"wp","href":"https:\/\/api.w.org\/{rel}","templated":true}]}}