{"id":2723,"date":"2021-12-06T09:51:45","date_gmt":"2021-12-06T08:51:45","guid":{"rendered":"https:\/\/www.vanbeelen.com\/?page_id=2723"},"modified":"2021-12-06T09:56:40","modified_gmt":"2021-12-06T08:56:40","slug":"lignetten","status":"publish","type":"page","link":"https:\/\/vanbeelen.com\/de\/lignetten\/","title":{"rendered":"Lounge-Netze"},"content":{"rendered":"<div data-elementor-type=\"wp-page\" data-elementor-id=\"2723\" class=\"elementor elementor-2723\" data-elementor-post-type=\"page\">\n\t\t\t\t\t\t<div class=\"elementor-inner\">\n\t\t\t\t<div class=\"elementor-section-wrap\">\n\t\t\t\t\t\t\t\t\t<section class=\"elementor-section elementor-top-section elementor-element elementor-element-4c007b7 elementor-section-boxed elementor-section-height-default elementor-section-height-default\" data-id=\"4c007b7\" data-element_type=\"section\" data-settings=\"{&quot;background_background&quot;:&quot;classic&quot;}\">\n\t\t\t\t\t\t<div class=\"elementor-container elementor-column-gap-default\">\n\t\t\t\t\t\t\t<div class=\"elementor-row\">\n\t\t\t\t\t<div class=\"elementor-column elementor-col-33 elementor-top-column elementor-element elementor-element-a45b845\" data-id=\"a45b845\" data-element_type=\"column\" data-settings=\"{&quot;background_background&quot;:&quot;classic&quot;}\">\n\t\t\t<div class=\"elementor-column-wrap elementor-element-populated\">\n\t\t\t\t\t\t\t<div class=\"elementor-widget-wrap\">\n\t\t\t\t\t\t\t\t<\/div>\n\t\t\t\t\t<\/div>\n\t\t<\/div>\n\t\t\t\t<div class=\"elementor-column elementor-col-33 elementor-top-column elementor-element elementor-element-087b162\" data-id=\"087b162\" data-element_type=\"column\" data-settings=\"{&quot;background_background&quot;:&quot;classic&quot;}\">\n\t\t\t<div class=\"elementor-column-wrap elementor-element-populated\">\n\t\t\t\t\t\t\t<div class=\"elementor-widget-wrap\">\n\t\t\t\t\t\t<div class=\"elementor-element elementor-element-7c56a52 elementor-widget elementor-widget-heading\" data-id=\"7c56a52\" data-element_type=\"widget\" data-widget_type=\"heading.default\">\n\t\t\t\t<div class=\"elementor-widget-container\">\n\t\t\t<h4 class=\"elementor-heading-title elementor-size-default\">Qualit\u00e4tsnetze f\u00fcr jedes Projekt<\/h4>\t\t<\/div>\n\t\t\t\t<\/div>\n\t\t\t\t<div class=\"elementor-element elementor-element-633147e elementor-widget elementor-widget-heading\" data-id=\"633147e\" data-element_type=\"widget\" data-widget_type=\"heading.default\">\n\t\t\t\t<div class=\"elementor-widget-container\">\n\t\t\t<h2 class=\"elementor-heading-title elementor-size-default\">Lounge-Netze<\/h2>\t\t<\/div>\n\t\t\t\t<\/div>\n\t\t\t\t\t\t<\/div>\n\t\t\t\t\t<\/div>\n\t\t<\/div>\n\t\t\t\t<div class=\"elementor-column elementor-col-33 elementor-top-column elementor-element elementor-element-da4a470\" data-id=\"da4a470\" data-element_type=\"column\" data-settings=\"{&quot;background_background&quot;:&quot;classic&quot;}\">\n\t\t\t<div class=\"elementor-column-wrap elementor-element-populated\">\n\t\t\t\t\t\t\t<div class=\"elementor-widget-wrap\">\n\t\t\t\t\t\t<div class=\"elementor-element elementor-element-385b8c1 elementor-widget elementor-widget-button\" data-id=\"385b8c1\" data-element_type=\"widget\" data-widget_type=\"button.default\">\n\t\t\t\t<div class=\"elementor-widget-container\">\n\t\t\t\t\t<div class=\"elementor-button-wrapper\">\n\t\t\t<a class=\"elementor-button elementor-button-link elementor-size-sm\" href=\"\/de\/product-category\/balustradenetten\/\">\n\t\t\t\t\t\t<span class=\"elementor-button-content-wrapper\">\n\t\t\t\t\t\t<span class=\"elementor-button-icon elementor-align-icon-right\">\n\t\t\t\t<i aria-hidden=\"true\" class=\"fas fa-angle-double-right\"><\/i>\t\t\t<\/span>\n\t\t\t\t\t\t<span class=\"elementor-button-text\">Produktauswahl<\/span>\n\t\t<\/span>\n\t\t\t\t\t<\/a>\n\t\t<\/div>\n\t\t\t\t<\/div>\n\t\t\t\t<\/div>\n\t\t\t\t\t\t<\/div>\n\t\t\t\t\t<\/div>\n\t\t<\/div>\n\t\t\t\t\t\t\t\t<\/div>\n\t\t\t\t\t<\/div>\n\t\t<\/section>\n\t\t\t\t<section class=\"elementor-section elementor-top-section elementor-element elementor-element-23a0841 elementor-section-boxed elementor-section-height-default elementor-section-height-default\" data-id=\"23a0841\" data-element_type=\"section\" data-settings=\"{&quot;background_background&quot;:&quot;classic&quot;}\">\n\t\t\t\t\t\t\t<div class=\"elementor-background-overlay\"><\/div>\n\t\t\t\t\t\t\t<div class=\"elementor-container elementor-column-gap-default\">\n\t\t\t\t\t\t\t<div class=\"elementor-row\">\n\t\t\t\t\t<div class=\"elementor-column elementor-col-100 elementor-top-column elementor-element elementor-element-2093e1c\" data-id=\"2093e1c\" data-element_type=\"column\" data-settings=\"{&quot;background_background&quot;:&quot;classic&quot;}\">\n\t\t\t<div class=\"elementor-column-wrap elementor-element-populated\">\n\t\t\t\t\t\t\t<div class=\"elementor-widget-wrap\">\n\t\t\t\t\t\t<div class=\"elementor-element elementor-element-abe2dd1 elementor-widget elementor-widget-text-editor\" data-id=\"abe2dd1\" data-element_type=\"widget\" data-widget_type=\"text-editor.default\">\n\t\t\t\t<div class=\"elementor-widget-container\">\n\t\t\t\t\t\t\t\t<div class=\"elementor-text-editor elementor-clearfix\">\n\t\t\t\tEin Lounge-Netz wird in den letzten Jahren immer h\u00e4ufiger verwendet, zum Beispiel in Wohnh\u00e4usern, in einem Gesch\u00e4ftsraum oder im \u00f6ffentlichen Raum.\nIn jedem Fall beraten wir Sie zu einem sicheren Netztyp mit der richtigen Zusammensetzung der Befestigungsmaterialien. Es ist wichtig, dass das Netz bequem und auch \u00e4sthetisch ansprechend ist.\t\t\t\t\t<\/div>\n\t\t\t\t\t\t<\/div>\n\t\t\t\t<\/div>\n\t\t\t\t<div class=\"elementor-element elementor-element-6251514 elementor-widget elementor-widget-gallery\" data-id=\"6251514\" data-element_type=\"widget\" data-settings=\"{&quot;gallery_layout&quot;:&quot;masonry&quot;,&quot;columns&quot;:3,&quot;content_hover_animation&quot;:&quot;enter-from-left&quot;,&quot;lazyload&quot;:&quot;yes&quot;,&quot;columns_tablet&quot;:2,&quot;columns_mobile&quot;:1,&quot;gap&quot;:{&quot;unit&quot;:&quot;px&quot;,&quot;size&quot;:10,&quot;sizes&quot;:[]},&quot;gap_tablet&quot;:{&quot;unit&quot;:&quot;px&quot;,&quot;size&quot;:10,&quot;sizes&quot;:[]},&quot;gap_mobile&quot;:{&quot;unit&quot;:&quot;px&quot;,&quot;size&quot;:10,&quot;sizes&quot;:[]},&quot;link_to&quot;:&quot;file&quot;,&quot;overlay_background&quot;:&quot;yes&quot;}\" data-widget_type=\"gallery.default\">\n\t\t\t\t<div class=\"elementor-widget-container\">\n\t\t\t\t\t\t<div class=\"elementor-gallery__titles-container e--pointer-underline e--animation-fade\" aria-label=\"Gallery filter\">\n\t\t\t\t\n\t\t\t\t\t\t\t\t\t<a class=\"elementor-item elementor-gallery-title\" role=\"button\" tabindex=\"0\" data-gallery-index=\"0\">\n\t\t\t\t\t\tStudentenhotel - Maastricht\t\t\t\t\t<\/a>\n\t\t\t\t\t\t\t\t\t\t<a class=\"elementor-item elementor-gallery-title\" role=\"button\" tabindex=\"0\" data-gallery-index=\"1\">\n\t\t\t\t\t\tHaus - Amsterdam\t\t\t\t\t<\/a>\n\t\t\t\t\t\t\t\t\t\t<a class=\"elementor-item elementor-gallery-title\" role=\"button\" tabindex=\"0\" data-gallery-index=\"2\">\n\t\t\t\t\t\tParkhaus Wohnanlage - Hoorn\t\t\t\t\t<\/a>\n\t\t\t\t\t\t\t\t\t\t<a class=\"elementor-item elementor-gallery-title\" role=\"button\" tabindex=\"0\" data-gallery-index=\"3\">\n\t\t\t\t\t\tGartenhaus\t\t\t\t\t<\/a>\n\t\t\t\t\t\t\t\t\t\t<a class=\"elementor-item elementor-gallery-title\" role=\"button\" tabindex=\"0\" data-gallery-index=\"4\">\n\t\t\t\t\t\tLounge-Netz mit Webschnur rundum\t\t\t\t\t<\/a>\n\t\t\t\t\t\t\t\t<\/div>\n\t\t\t\t\t<div class=\"elementor-gallery__container\">\n\t\t\t\t\t\t\t<a class=\"e-gallery-item elementor-gallery-item elementor-animated-content\" data-e-gallery-tags=\"0\" href=\"https:\/\/vanbeelen.com\/wp-content\/uploads\/2021\/11\/Dyneema-lignet-2.jpg\" data-elementor-open-lightbox=\"yes\" data-elementor-lightbox-slideshow=\"6251514\" data-elementor-lightbox-title=\"Dyneema lignet (2)\" data-e-action-hash=\"#elementor-action%3Aaction%3Dlightbox%26settings%3DeyJpZCI6MTcyNSwidXJsIjoiaHR0cHM6XC9cL3ZhbmJlZWxlbi5jb21cL3dwLWNvbnRlbnRcL3VwbG9hZHNcLzIwMjFcLzExXC9EeW5lZW1hLWxpZ25ldC0yLmpwZyIsInNsaWRlc2hvdyI6IjYyNTE1MTQifQ%3D%3D\">\n\t\t\t\t\t<div class=\"e-gallery-image elementor-gallery-item__image\" data-thumbnail=\"https:\/\/vanbeelen.com\/wp-content\/uploads\/2021\/11\/Dyneema-lignet-2-300x225.jpg\" data-width=\"300\" data-height=\"225\" aria-label=\"\" role=\"img\" ><\/div>\n\t\t\t\t\t\t\t\t\t\t\t<div class=\"elementor-gallery-item__overlay\"><\/div>\n\t\t\t\t\t\t\t\t\t\t\t\t\t\t<\/a>\n\t\t\t\t\t\t\t<a class=\"e-gallery-item elementor-gallery-item elementor-animated-content\" data-e-gallery-tags=\"0\" href=\"https:\/\/vanbeelen.com\/wp-content\/uploads\/2021\/11\/Dyneema-lignet.jpg\" data-elementor-open-lightbox=\"yes\" data-elementor-lightbox-slideshow=\"6251514\" data-elementor-lightbox-title=\"Dyneema lignet\" data-e-action-hash=\"#elementor-action%3Aaction%3Dlightbox%26settings%3DeyJpZCI6MTcyNiwidXJsIjoiaHR0cHM6XC9cL3ZhbmJlZWxlbi5jb21cL3dwLWNvbnRlbnRcL3VwbG9hZHNcLzIwMjFcLzExXC9EeW5lZW1hLWxpZ25ldC5qcGciLCJzbGlkZXNob3ciOiI2MjUxNTE0In0%3D\">\n\t\t\t\t\t<div class=\"e-gallery-image elementor-gallery-item__image\" data-thumbnail=\"https:\/\/vanbeelen.com\/wp-content\/uploads\/2021\/11\/Dyneema-lignet-300x225.jpg\" data-width=\"300\" data-height=\"225\" aria-label=\"\" role=\"img\" ><\/div>\n\t\t\t\t\t\t\t\t\t\t\t<div class=\"elementor-gallery-item__overlay\"><\/div>\n\t\t\t\t\t\t\t\t\t\t\t\t\t\t<\/a>\n\t\t\t\t\t\t\t<a class=\"e-gallery-item elementor-gallery-item elementor-animated-content\" data-e-gallery-tags=\"1\" href=\"https:\/\/vanbeelen.com\/wp-content\/uploads\/2021\/11\/IMG-3746-002.jpg\" data-elementor-open-lightbox=\"yes\" data-elementor-lightbox-slideshow=\"6251514\" data-elementor-lightbox-title=\"IMG-3746 (002)\" data-e-action-hash=\"#elementor-action%3Aaction%3Dlightbox%26settings%3DeyJpZCI6MTcyOCwidXJsIjoiaHR0cHM6XC9cL3ZhbmJlZWxlbi5jb21cL3dwLWNvbnRlbnRcL3VwbG9hZHNcLzIwMjFcLzExXC9JTUctMzc0Ni0wMDIuanBnIiwic2xpZGVzaG93IjoiNjI1MTUxNCJ9\">\n\t\t\t\t\t<div class=\"e-gallery-image elementor-gallery-item__image\" data-thumbnail=\"https:\/\/vanbeelen.com\/wp-content\/uploads\/2021\/11\/IMG-3746-002-300x225.jpg\" data-width=\"300\" data-height=\"225\" aria-label=\"\" role=\"img\" ><\/div>\n\t\t\t\t\t\t\t\t\t\t\t<div class=\"elementor-gallery-item__overlay\"><\/div>\n\t\t\t\t\t\t\t\t\t\t\t\t\t\t<\/a>\n\t\t\t\t\t\t\t<a class=\"e-gallery-item elementor-gallery-item elementor-animated-content\" data-e-gallery-tags=\"1\" href=\"https:\/\/vanbeelen.com\/wp-content\/uploads\/2021\/11\/IMG-3741-002.jpg\" data-elementor-open-lightbox=\"yes\" data-elementor-lightbox-slideshow=\"6251514\" data-elementor-lightbox-title=\"IMG-3741 (002)\" data-e-action-hash=\"#elementor-action%3Aaction%3Dlightbox%26settings%3DeyJpZCI6MTcyNywidXJsIjoiaHR0cHM6XC9cL3ZhbmJlZWxlbi5jb21cL3dwLWNvbnRlbnRcL3VwbG9hZHNcLzIwMjFcLzExXC9JTUctMzc0MS0wMDIuanBnIiwic2xpZGVzaG93IjoiNjI1MTUxNCJ9\">\n\t\t\t\t\t<div class=\"e-gallery-image elementor-gallery-item__image\" data-thumbnail=\"https:\/\/vanbeelen.com\/wp-content\/uploads\/2021\/11\/IMG-3741-002-225x300.jpg\" data-width=\"225\" data-height=\"300\" aria-label=\"\" role=\"img\" ><\/div>\n\t\t\t\t\t\t\t\t\t\t\t<div class=\"elementor-gallery-item__overlay\"><\/div>\n\t\t\t\t\t\t\t\t\t\t\t\t\t\t<\/a>\n\t\t\t\t\t\t\t<a class=\"e-gallery-item elementor-gallery-item elementor-animated-content\" data-e-gallery-tags=\"2\" href=\"https:\/\/vanbeelen.com\/wp-content\/uploads\/2021\/11\/IMG_7280-002-e1636105478280.jpg\" data-elementor-open-lightbox=\"yes\" data-elementor-lightbox-slideshow=\"6251514\" data-elementor-lightbox-title=\"IMG_7280 (002)\" data-e-action-hash=\"#elementor-action%3Aaction%3Dlightbox%26settings%3DeyJpZCI6MTcyOSwidXJsIjoiaHR0cHM6XC9cL3ZhbmJlZWxlbi5jb21cL3dwLWNvbnRlbnRcL3VwbG9hZHNcLzIwMjFcLzExXC9JTUdfNzI4MC0wMDItZTE2MzYxMDU0NzgyODAuanBnIiwic2xpZGVzaG93IjoiNjI1MTUxNCJ9\">\n\t\t\t\t\t<div class=\"e-gallery-image elementor-gallery-item__image\" data-thumbnail=\"https:\/\/vanbeelen.com\/wp-content\/uploads\/2021\/11\/IMG_7280-002-e1636105478280-300x225.jpg\" data-width=\"300\" data-height=\"225\" aria-label=\"\" role=\"img\" ><\/div>\n\t\t\t\t\t\t\t\t\t\t\t<div class=\"elementor-gallery-item__overlay\"><\/div>\n\t\t\t\t\t\t\t\t\t\t\t\t\t\t<\/a>\n\t\t\t\t\t\t\t<a class=\"e-gallery-item elementor-gallery-item elementor-animated-content\" data-e-gallery-tags=\"3\" href=\"https:\/\/vanbeelen.com\/wp-content\/uploads\/2021\/11\/lignet-met-mangat.jpg\" data-elementor-open-lightbox=\"yes\" data-elementor-lightbox-slideshow=\"6251514\" data-elementor-lightbox-title=\"lignet met mangat\" data-e-action-hash=\"#elementor-action%3Aaction%3Dlightbox%26settings%3DeyJpZCI6MTczMCwidXJsIjoiaHR0cHM6XC9cL3ZhbmJlZWxlbi5jb21cL3dwLWNvbnRlbnRcL3VwbG9hZHNcLzIwMjFcLzExXC9saWduZXQtbWV0LW1hbmdhdC5qcGciLCJzbGlkZXNob3ciOiI2MjUxNTE0In0%3D\">\n\t\t\t\t\t<div class=\"e-gallery-image elementor-gallery-item__image\" data-thumbnail=\"https:\/\/vanbeelen.com\/wp-content\/uploads\/2021\/11\/lignet-met-mangat-300x225.jpg\" data-width=\"300\" data-height=\"225\" aria-label=\"\" role=\"img\" ><\/div>\n\t\t\t\t\t\t\t\t\t\t\t<div class=\"elementor-gallery-item__overlay\"><\/div>\n\t\t\t\t\t\t\t\t\t\t\t\t\t\t<\/a>\n\t\t\t\t\t\t\t<a class=\"e-gallery-item elementor-gallery-item elementor-animated-content\" data-e-gallery-tags=\"4\" href=\"https:\/\/vanbeelen.com\/wp-content\/uploads\/2021\/11\/IMG_6276.jpeg\" data-elementor-open-lightbox=\"yes\" data-elementor-lightbox-slideshow=\"6251514\" data-elementor-lightbox-title=\"IMG_6276\" data-e-action-hash=\"#elementor-action%3Aaction%3Dlightbox%26settings%3DeyJpZCI6MTczMSwidXJsIjoiaHR0cHM6XC9cL3ZhbmJlZWxlbi5jb21cL3dwLWNvbnRlbnRcL3VwbG9hZHNcLzIwMjFcLzExXC9JTUdfNjI3Ni5qcGVnIiwic2xpZGVzaG93IjoiNjI1MTUxNCJ9\">\n\t\t\t\t\t<div class=\"e-gallery-image elementor-gallery-item__image\" data-thumbnail=\"https:\/\/vanbeelen.com\/wp-content\/uploads\/2021\/11\/IMG_6276-225x300.jpeg\" data-width=\"225\" data-height=\"300\" aria-label=\"\" role=\"img\" ><\/div>\n\t\t\t\t\t\t\t\t\t\t\t<div class=\"elementor-gallery-item__overlay\"><\/div>\n\t\t\t\t\t\t\t\t\t\t\t\t\t\t<\/a>\n\t\t\t\t\t<\/div>\n\t\t\t<\/div>\n\t\t\t\t<\/div>\n\t\t\t\t\t\t<\/div>\n\t\t\t\t\t<\/div>\n\t\t<\/div>\n\t\t\t\t\t\t\t\t<\/div>\n\t\t\t\t\t<\/div>\n\t\t<\/section>\n\t\t\t\t<section class=\"elementor-section elementor-top-section elementor-element elementor-element-7a189c3 elementor-section-boxed elementor-section-height-default elementor-section-height-default\" data-id=\"7a189c3\" data-element_type=\"section\">\n\t\t\t\t\t\t<div class=\"elementor-container elementor-column-gap-default\">\n\t\t\t\t\t\t\t<div class=\"elementor-row\">\n\t\t\t\t\t<div class=\"elementor-column elementor-col-100 elementor-top-column elementor-element elementor-element-3b6e5aa\" data-id=\"3b6e5aa\" data-element_type=\"column\">\n\t\t\t<div class=\"elementor-column-wrap\">\n\t\t\t\t\t\t\t<div class=\"elementor-widget-wrap\">\n\t\t\t\t\t\t\t\t<\/div>\n\t\t\t\t\t<\/div>\n\t\t<\/div>\n\t\t\t\t\t\t\t\t<\/div>\n\t\t\t\t\t<\/div>\n\t\t<\/section>\n\t\t\t\t\t\t\t\t\t<\/div>\n\t\t\t<\/div>\n\t\t\t\t\t<\/div>","protected":false},"excerpt":{"rendered":"<p>Kwaliteit netten voor ieder project Assortiment Een lignet of loungenet wordt de laatste jaren steeds vaker toegepast, o.a. bij mensen thuis, in een bedrijfsruimte of openbare ruimte. Door ons zal er in alle gevallen gekeken worden om een veilig type net te adviseren met de juiste samenstelling van bevestigingsmaterialen. Belangrijk is dat het net comfortabel [&hellip;]<\/p>","protected":false},"author":1,"featured_media":0,"parent":0,"menu_order":0,"comment_status":"closed","ping_status":"closed","template":"","meta":{"footnotes":""},"class_list":["post-2723","page","type-page","status-publish","hentry"],"yoast_head":"<!-- This site is optimized with the Yoast SEO plugin v21.5 - https:\/\/yoast.com\/wordpress\/plugins\/seo\/ -->\n<title>Lignetten - Van Beelen NTN<\/title>\n<meta name=\"robots\" content=\"index, follow, max-snippet:-1, max-image-preview:large, max-video-preview:-1\" \/>\n<link rel=\"canonical\" href=\"https:\/\/vanbeelen.com\/de\/lignetten\/\" \/>\n<meta property=\"og:locale\" content=\"de_DE\" \/>\n<meta property=\"og:type\" content=\"article\" \/>\n<meta property=\"og:title\" content=\"Lignetten - Van Beelen NTN\" \/>\n<meta property=\"og:description\" content=\"Kwaliteit netten voor ieder project Assortiment Een lignet of loungenet wordt de laatste jaren steeds vaker toegepast, o.a. bij mensen thuis, in een bedrijfsruimte of openbare ruimte. Door ons zal er in alle gevallen gekeken worden om een veilig type net te adviseren met de juiste samenstelling van bevestigingsmaterialen. Belangrijk is dat het net comfortabel [&hellip;]\" \/>\n<meta property=\"og:url\" content=\"https:\/\/vanbeelen.com\/de\/lignetten\/\" \/>\n<meta property=\"og:site_name\" content=\"Van Beelen NTN\" \/>\n<meta property=\"article:publisher\" content=\"https:\/\/www.facebook.com\/profile.php?id=100057447309889\" \/>\n<meta property=\"article:modified_time\" content=\"2021-12-06T08:56:40+00:00\" \/>\n<meta name=\"twitter:card\" content=\"summary_large_image\" \/>\n<script type=\"application\/ld+json\" class=\"yoast-schema-graph\">{\"@context\":\"https:\/\/schema.org\",\"@graph\":[{\"@type\":\"WebPage\",\"@id\":\"https:\/\/vanbeelen.com\/en\/lignetten\/\",\"url\":\"https:\/\/vanbeelen.com\/en\/lignetten\/\",\"name\":\"Lignetten - Van Beelen NTN\",\"isPartOf\":{\"@id\":\"https:\/\/vanbeelen.com\/en\/#website\"},\"datePublished\":\"2021-12-06T08:51:45+00:00\",\"dateModified\":\"2021-12-06T08:56:40+00:00\",\"breadcrumb\":{\"@id\":\"https:\/\/vanbeelen.com\/en\/lignetten\/#breadcrumb\"},\"inLanguage\":\"de\",\"potentialAction\":[{\"@type\":\"ReadAction\",\"target\":[\"https:\/\/vanbeelen.com\/en\/lignetten\/\"]}]},{\"@type\":\"BreadcrumbList\",\"@id\":\"https:\/\/vanbeelen.com\/en\/lignetten\/#breadcrumb\",\"itemListElement\":[{\"@type\":\"ListItem\",\"position\":1,\"name\":\"Home\",\"item\":\"https:\/\/vanbeelen.com\/en\/\"},{\"@type\":\"ListItem\",\"position\":2,\"name\":\"Lignetten\"}]},{\"@type\":\"WebSite\",\"@id\":\"https:\/\/vanbeelen.com\/en\/#website\",\"url\":\"https:\/\/vanbeelen.com\/en\/\",\"name\":\"Van Beelen NTN\",\"description\":\"De netten Specialist\",\"publisher\":{\"@id\":\"https:\/\/vanbeelen.com\/en\/#organization\"},\"potentialAction\":[{\"@type\":\"SearchAction\",\"target\":{\"@type\":\"EntryPoint\",\"urlTemplate\":\"https:\/\/vanbeelen.com\/en\/?s={search_term_string}\"},\"query-input\":\"required name=search_term_string\"}],\"inLanguage\":\"de\"},{\"@type\":\"Organization\",\"@id\":\"https:\/\/vanbeelen.com\/en\/#organization\",\"name\":\"Van Beelen NTN\",\"url\":\"https:\/\/vanbeelen.com\/en\/\",\"logo\":{\"@type\":\"ImageObject\",\"inLanguage\":\"de\",\"@id\":\"https:\/\/vanbeelen.com\/en\/#\/schema\/logo\/image\/\",\"url\":\"https:\/\/vanbeelen.com\/wp-content\/uploads\/2021\/07\/logonieuw-lang.png\",\"contentUrl\":\"https:\/\/vanbeelen.com\/wp-content\/uploads\/2021\/07\/logonieuw-lang.png\",\"width\":430,\"height\":67,\"caption\":\"Van Beelen NTN\"},\"image\":{\"@id\":\"https:\/\/vanbeelen.com\/en\/#\/schema\/logo\/image\/\"},\"sameAs\":[\"https:\/\/www.facebook.com\/profile.php?id=100057447309889\"]}]}<\/script>\n<!-- \/ Yoast SEO plugin. -->","yoast_head_json":{"title":"Lignetten - Van Beelen NTN","robots":{"index":"index","follow":"follow","max-snippet":"max-snippet:-1","max-image-preview":"max-image-preview:large","max-video-preview":"max-video-preview:-1"},"canonical":"https:\/\/vanbeelen.com\/de\/lignetten\/","og_locale":"de_DE","og_type":"article","og_title":"Lignetten - Van Beelen NTN","og_description":"Kwaliteit netten voor ieder project Assortiment Een lignet of loungenet wordt de laatste jaren steeds vaker toegepast, o.a. bij mensen thuis, in een bedrijfsruimte of openbare ruimte. Door ons zal er in alle gevallen gekeken worden om een veilig type net te adviseren met de juiste samenstelling van bevestigingsmaterialen. Belangrijk is dat het net comfortabel [&hellip;]","og_url":"https:\/\/vanbeelen.com\/de\/lignetten\/","og_site_name":"Van Beelen NTN","article_publisher":"https:\/\/www.facebook.com\/profile.php?id=100057447309889","article_modified_time":"2021-12-06T08:56:40+00:00","twitter_card":"summary_large_image","schema":{"@context":"https:\/\/schema.org","@graph":[{"@type":"WebPage","@id":"https:\/\/vanbeelen.com\/en\/lignetten\/","url":"https:\/\/vanbeelen.com\/en\/lignetten\/","name":"Lignetten - Van Beelen NTN","isPartOf":{"@id":"https:\/\/vanbeelen.com\/en\/#website"},"datePublished":"2021-12-06T08:51:45+00:00","dateModified":"2021-12-06T08:56:40+00:00","breadcrumb":{"@id":"https:\/\/vanbeelen.com\/en\/lignetten\/#breadcrumb"},"inLanguage":"de","potentialAction":[{"@type":"ReadAction","target":["https:\/\/vanbeelen.com\/en\/lignetten\/"]}]},{"@type":"BreadcrumbList","@id":"https:\/\/vanbeelen.com\/en\/lignetten\/#breadcrumb","itemListElement":[{"@type":"ListItem","position":1,"name":"Home","item":"https:\/\/vanbeelen.com\/en\/"},{"@type":"ListItem","position":2,"name":"Lignetten"}]},{"@type":"WebSite","@id":"https:\/\/vanbeelen.com\/en\/#website","url":"https:\/\/vanbeelen.com\/en\/","name":"Van Beelen NTN","description":"De netten Specialist","publisher":{"@id":"https:\/\/vanbeelen.com\/en\/#organization"},"potentialAction":[{"@type":"SearchAction","target":{"@type":"EntryPoint","urlTemplate":"https:\/\/vanbeelen.com\/en\/?s={search_term_string}"},"query-input":"required name=search_term_string"}],"inLanguage":"de"},{"@type":"Organization","@id":"https:\/\/vanbeelen.com\/en\/#organization","name":"Van Beelen NTN","url":"https:\/\/vanbeelen.com\/en\/","logo":{"@type":"ImageObject","inLanguage":"de","@id":"https:\/\/vanbeelen.com\/en\/#\/schema\/logo\/image\/","url":"https:\/\/vanbeelen.com\/wp-content\/uploads\/2021\/07\/logonieuw-lang.png","contentUrl":"https:\/\/vanbeelen.com\/wp-content\/uploads\/2021\/07\/logonieuw-lang.png","width":430,"height":67,"caption":"Van Beelen NTN"},"image":{"@id":"https:\/\/vanbeelen.com\/en\/#\/schema\/logo\/image\/"},"sameAs":["https:\/\/www.facebook.com\/profile.php?id=100057447309889"]}]}},"_links":{"self":[{"href":"https:\/\/vanbeelen.com\/de\/wp-json\/wp\/v2\/pages\/2723","targetHints":{"allow":["GET"]}}],"collection":[{"href":"https:\/\/vanbeelen.com\/de\/wp-json\/wp\/v2\/pages"}],"about":[{"href":"https:\/\/vanbeelen.com\/de\/wp-json\/wp\/v2\/types\/page"}],"author":[{"embeddable":true,"href":"https:\/\/vanbeelen.com\/de\/wp-json\/wp\/v2\/users\/1"}],"replies":[{"embeddable":true,"href":"https:\/\/vanbeelen.com\/de\/wp-json\/wp\/v2\/comments?post=2723"}],"version-history":[{"count":4,"href":"https:\/\/vanbeelen.com\/de\/wp-json\/wp\/v2\/pages\/2723\/revisions"}],"predecessor-version":[{"id":2728,"href":"https:\/\/vanbeelen.com\/de\/wp-json\/wp\/v2\/pages\/2723\/revisions\/2728"}],"wp:attachment":[{"href":"https:\/\/vanbeelen.com\/de\/wp-json\/wp\/v2\/media?parent=2723"}],"curies":[{"name":"wp","href":"https:\/\/api.w.org\/{rel}","templated":true}]}}